{"id":505,"date":"2020-09-24T04:58:03","date_gmt":"2020-09-24T04:58:03","guid":{"rendered":"https:\/\/solconsultoresyabogados.com\/?page_id=505"},"modified":"2020-09-28T00:54:28","modified_gmt":"2020-09-28T00:54:28","slug":"comercio-exterior","status":"publish","type":"page","link":"https:\/\/solconsultoresyabogados.com\/zh\/comercio-exterior\/","title":{"rendered":"\u56fd\u9645\u8d38\u6613\u8fdb\u51fa\u53e3"},"content":{"rendered":"\n<p>Los servicios de comercio exterior y aduanas que ofrecemos a nuestros clientes tienen la finalidad de: <br>i) proporcionar seguridad en el correcto cumplimiento de las obligaciones fiscales en materia de comercio exterior y aduanas, <br>ii) maximizar la eficiencia en la determinaci\u00f3n de los impuestos aduaneros con base en los diversos beneficios establecidos en los tratados comerciales que M\u00e9xico tiene celebrados con diversos pa\u00edses y <br>iii) detectar y corregir los riesgos que en materia de comercio exterior y aduanas pudieran existir derivado del cumplimiento inadecuado de las operaciones habituales de nuestros clientes en dicho rubro.<\/p>\n\n\n\n<p>Algunos de los servicios que ofrecemos son los siguientes:<\/p>\n\n\n\n<ul class=\"wp-block-list\"><li>Asesor\u00eda para la importaci\u00f3n bienes \u2013 temporal, definitiva, deposito fiscal entre otros reg\u00edmenes aduanaros.<\/li><li>Estudio espec\u00edfico de los diversos beneficios establecidos en los tratados de Libre Comercio &nbsp;celebrados por M\u00e9xico entre otros T-MEC, TLCUEM, CPTPP, Alianza del Pacifico, TCL-Mexico-Jap\u00f3n.<\/li><li>An\u00e1lisis para la determinaci\u00f3n del origen de los bienes y certificados de origen<\/li><li>Obtenci\u00f3n de programas de fomento a la exportaci\u00f3n en materia aduanera &#8211; IMMEX, PROSEC, Regla 8\u00aa, Certificaci\u00f3n de IVA e IEPS<\/li><li>Control de inventarios de importaciones temporales en materia de comercio exterior \u2013 Anexo 24 y 31<\/li><\/ul>\n","protected":false},"excerpt":{"rendered":"<p>\u56fd\u9645\u8d38\u6613\u548c\u6d77\u5173\u670d\u52a1\uff0ci\uff09\u5ba2\u6237\u5728\u56fd\u9645\u8fdb\u51fa\u53e3\u548c\u6d77\u5173\u6240\u62c5\u8d1f\u7684\u7a0e\u6536\u4e49\u52a1\u54a8\u8be2\u548c\u652f\u63f4\uff0cii\uff09\u5229\u7528\u58a8\u897f\u54e5\u548c\u5404\u56fd\u7684\u4e0d\u540c\u7684\u8d38\u6613\u534f\u5b9a\u4e3a\u5ba2\u6237\u4e89\u53d6\u6700\u5927\u9650\u5ea6\u7684\u6d77\u5173\u51cf\u514d\u7a0e\u3002iii\uff09\u5728\u8fdb\u51fa\u53e3\u548c\u8fdb\u51fa\u6d77\u5173\u8fc7\u7a0b\u53ef\u80fd\u4f1a\u4ea7\u751f\u7684\u6cd5\u5f8b\u7ea0\u7eb7\u7684\u8bc4\u4f30\u548c\u4fee\u6b63 \u6211\u4eec\u7684\u670d\u52a1 \u5404\u7c7b\u8fdb\u53e3\u4e8b\u52a1\u54a8\u8be2\uff0c \u6839\u636e\u58a8\u897f\u54e5\u548c\u5404\u56fd\u73b0\u6709\u7684\u81ea\u7531\u8d38\u6613\u534f\u5b9a\u4e3a\u5ba2\u6237\u5236\u5b9a\u5408\u7406\u7684\u8fdb\u51fa\u53e3\u5206\u6790\u548c\u65b9\u6848\uff0c\u5982\uff0c\u65b0\u5317\u7f8e\u81ea\u7531\u8d38\u6613\u534f\u8bae\uff0c\u58a8\u6b27\u81ea\u7531\u8d38\u6613\u534f\u8bae\uff0c\u8de8\u592a\u5e73\u6d0b\u4f19\u4f34\u5168\u9762\u8fdb\u5c55\u534f\u5b9a\uff0c\u7f8e\u6d32\u592a\u5e73\u6d0b\u5404\u56fd\u8d38\u6613\u534f\u5b9a\uff0c\u58a8\u65e5\u81ea\u7531\u8d38\u6613\u534f\u8bae\u3002 \u539f\u4ea7\u5730\u8bc1\u5206\u6790\u548c\u5236\u5b9a \u4ea7\u4e1a\u4f18\u60e0\uff0cVAT\u8bc1\u660e\uff0cIEPS\u7b49\u76f8\u5173\u51cf\u514d\u7a0e\u6216\u589e\u503c\u7a0e\u5feb\u901f\u9000\u7a0e\u653f\u5e9c\u8d44\u8d28\u7684\u529e\u7406 IMMEX\u540e\u671f\u7ba1\u7406<\/p>\n","protected":false},"author":1,"featured_media":0,"parent":0,"menu_order":0,"comment_status":"closed","ping_status":"closed","template":"","meta":{"footnotes":""},"class_list":["post-505","page","type-page","status-publish","hentry"],"_links":{"self":[{"href":"https:\/\/solconsultoresyabogados.com\/zh\/wp-json\/wp\/v2\/pages\/505","targetHints":{"allow":["GET"]}}],"collection":[{"href":"https:\/\/solconsultoresyabogados.com\/zh\/wp-json\/wp\/v2\/pages"}],"about":[{"href":"https:\/\/solconsultoresyabogados.com\/zh\/wp-json\/wp\/v2\/types\/page"}],"author":[{"embeddable":true,"href":"https:\/\/solconsultoresyabogados.com\/zh\/wp-json\/wp\/v2\/users\/1"}],"replies":[{"embeddable":true,"href":"https:\/\/solconsultoresyabogados.com\/zh\/wp-json\/wp\/v2\/comments?post=505"}],"version-history":[{"count":6,"href":"https:\/\/solconsultoresyabogados.com\/zh\/wp-json\/wp\/v2\/pages\/505\/revisions"}],"predecessor-version":[{"id":583,"href":"https:\/\/solconsultoresyabogados.com\/zh\/wp-json\/wp\/v2\/pages\/505\/revisions\/583"}],"wp:attachment":[{"href":"https:\/\/solconsultoresyabogados.com\/zh\/wp-json\/wp\/v2\/media?parent=505"}],"curies":[{"name":"wp","href":"https:\/\/api.w.org\/{rel}","templated":true}]}}