{"id":497,"date":"2020-09-24T04:44:22","date_gmt":"2020-09-24T04:44:22","guid":{"rendered":"https:\/\/solconsultoresyabogados.com\/?page_id=497"},"modified":"2020-09-28T00:36:14","modified_gmt":"2020-09-28T00:36:14","slug":"legal-corporativo","status":"publish","type":"page","link":"https:\/\/solconsultoresyabogados.com\/zh\/legal-corporativo\/","title":{"rendered":"\u96c6\u56e2\u4f01\u4e1a\u6cd5\u5f8b\u670d\u52a1"},"content":{"rendered":"\n<p>Los servicios legales que ofrecemos a nuestros clientes, tienen como prop\u00f3sito principal, el orientarles de forma oportuna respecto a todas aquellas situaciones de car\u00e1cter legal corporativo que est\u00e9n relacionadas con sus empresas y sus actividades.<\/p>\n\n\n\n<p>Algunos de los servicios que ofrecemos son los siguiente:<\/p>\n\n\n\n<ul class=\"wp-block-list\"><li>Constituci\u00f3n de sociedades<\/li><li>Otorgamiento de poderes &#8211; generales o especiales<\/li><li>Restructuraci\u00f3n corporativa de sociedades &#8211; fusiones, escisiones, liquidaciones, venta de acciones<\/li><li>Contratos y fideicomisos<\/li><li>Asambleas de socios y accionistas<\/li><li>Registro en inversi\u00f3n extranjera y sus reportes<\/li><\/ul>\n\n\n\n<p>Cada cliente tiene necesidades espec\u00edficas, por ello, adecuamos nuestros servicios a cada proyecto en particular y en donde podemos participar desde una asesor\u00eda, una revisi\u00f3n o hasta la elaboraci\u00f3n completa de los proyectos.<\/p>\n","protected":false},"excerpt":{"rendered":"<p>\u6211\u4eec\u4e3a\u5ba2\u6237\u63d0\u4f9b\u7684\u6cd5\u5f8b\u670d\u52a1\uff0c\u4e3b\u8981\u76ee\u7684\u662f\u53ca\u65f6\uff0c\u51c6\u786e\u7684\u4e3a\u6211\u4eec\u7684\u5ba2\u6237\u5728\u58a8\u897f\u54e5\u7684\u5546\u4e1a\uff0c\u8d38\u6613\uff0c\u751f\u4ea7\u6d3b\u52a8\u63d0\u4f9b\u6cd5\u5f8b\u652f\u63f4\u548c\u54a8\u8be2\u3002 \u6cd5\u5f8b\u670d\u52a1\u5305\u62ec \u516c\u53f8\u7ae0\u7a0b \u516c\u53f8\u5185\u90e8\u6743\u529b\u66f4\u6362\u548c\u6388\u4e88 \u516c\u53f8\u5185\u90e8\u7ed3\u6784\u7684\u66f4\u6539 \u96c6\u56e2\u4f01\u4e1a\u5404\u7c7b\u5408\u540c\u5236\u5b9a\uff0c\u5ba1\u67e5\u548c\u4fee\u6539 \u96c6\u56e2\u4f01\u4e1a\u5185\u90e8\u80a1\u4e1c\u5927\u4f1a\u7ec4\u7ec7\u548c\u5408\u6cd5\u6027 \u5916\u5546\u6295\u8d44\u6ce8\u518c\u548c\u76f8\u5173\u62a5\u544a \u6839\u636e\u6bcf\u4f4d\u5ba2\u6237\u7684\u4e0d\u540c\u9700\u6c42\uff0c\u6211\u4eec\u4e3a\u5ba2\u6237\u63d0\u4f9b\u4e0d\u540c\u7684\u670d\u52a1\uff0c\u5982\u54a8\u8be2\uff0c\u5ba1\u8ba1\uff0c\u6216\u8005\u6574\u4e2a\u9879\u76ee\u7684\u8ba1\u5212\uff0c\u5236\u5b9a\uff0c\u5b9e\u65bd\u3002<\/p>\n","protected":false},"author":1,"featured_media":0,"parent":0,"menu_order":0,"comment_status":"closed","ping_status":"closed","template":"","meta":{"footnotes":""},"class_list":["post-497","page","type-page","status-publish","hentry"],"_links":{"self":[{"href":"https:\/\/solconsultoresyabogados.com\/zh\/wp-json\/wp\/v2\/pages\/497","targetHints":{"allow":["GET"]}}],"collection":[{"href":"https:\/\/solconsultoresyabogados.com\/zh\/wp-json\/wp\/v2\/pages"}],"about":[{"href":"https:\/\/solconsultoresyabogados.com\/zh\/wp-json\/wp\/v2\/types\/page"}],"author":[{"embeddable":true,"href":"https:\/\/solconsultoresyabogados.com\/zh\/wp-json\/wp\/v2\/users\/1"}],"replies":[{"embeddable":true,"href":"https:\/\/solconsultoresyabogados.com\/zh\/wp-json\/wp\/v2\/comments?post=497"}],"version-history":[{"count":4,"href":"https:\/\/solconsultoresyabogados.com\/zh\/wp-json\/wp\/v2\/pages\/497\/revisions"}],"predecessor-version":[{"id":564,"href":"https:\/\/solconsultoresyabogados.com\/zh\/wp-json\/wp\/v2\/pages\/497\/revisions\/564"}],"wp:attachment":[{"href":"https:\/\/solconsultoresyabogados.com\/zh\/wp-json\/wp\/v2\/media?parent=497"}],"curies":[{"name":"wp","href":"https:\/\/api.w.org\/{rel}","templated":true}]}}