{"id":507,"date":"2020-09-24T05:01:00","date_gmt":"2020-09-24T05:01:00","guid":{"rendered":"https:\/\/solconsultoresyabogados.com\/?page_id=507"},"modified":"2020-09-28T00:48:02","modified_gmt":"2020-09-28T00:48:02","slug":"recursos-humanos-y-nominas","status":"publish","type":"page","link":"https:\/\/solconsultoresyabogados.com\/en\/recursos-humanos-y-nominas\/","title":{"rendered":"HUMAN RESOURCES AND PAYROLL"},"content":{"rendered":"\n<p>Los servicios de recursos humanos (RH) y n\u00f3minas que ofrecemos a nuestros clientes tienen como prop\u00f3sito formalizar, de manera eficiente y oportuna, las relaciones laborales entre nuestros clientes y sus trabajadores, as\u00ed como el asegurarnos del correcto cumplimiento de todas las obligaciones derivadas de dichas relaciones laborales.<\/p>\n\n\n\n<p>Algunos de los servicios que ofrecemos son los siguientes:<\/p>\n\n\n\n<ul class=\"wp-block-list\"><li>Contrato individual de trabajo<\/li><li>Contrato colectivo<\/li><li>Reglamento interior de trabajo<\/li><li>Reglamento de seguridad e higiene<\/li><li>Planes de prestaciones para los trabajadores<\/li><li>N\u00f3minas y recibos de n\u00f3minas<\/li><li>Cuotas del IMSS e INFONAVIT<\/li><li>Trabajadores extranjeros \u2013 tr\u00e1mites y permisos migratorios<\/li><\/ul>\n\n\n\n<p>Adaptamos nuestros servicios a las necesidades espec\u00edficas del cliente, con lo cual, nuestra participaci\u00f3n podr\u00e1 consistir desde una asesor\u00eda, una revisi\u00f3n y hasta la administraci\u00f3n total de los proyectos.<\/p>\n","protected":false},"excerpt":{"rendered":"<p>The human resources (HR) and payroll services we offer our clients are intended to effectively, efficiently and timely formalize the labor relations between our clients and their employees, as well as to ensure that all obligations arising from such labor relations are correctly fulfilled. Some of the services we offer are as follows: Individual employment [&hellip;]<\/p>\n","protected":false},"author":1,"featured_media":0,"parent":0,"menu_order":0,"comment_status":"closed","ping_status":"closed","template":"","meta":{"footnotes":""},"class_list":["post-507","page","type-page","status-publish","hentry"],"_links":{"self":[{"href":"https:\/\/solconsultoresyabogados.com\/en\/wp-json\/wp\/v2\/pages\/507","targetHints":{"allow":["GET"]}}],"collection":[{"href":"https:\/\/solconsultoresyabogados.com\/en\/wp-json\/wp\/v2\/pages"}],"about":[{"href":"https:\/\/solconsultoresyabogados.com\/en\/wp-json\/wp\/v2\/types\/page"}],"author":[{"embeddable":true,"href":"https:\/\/solconsultoresyabogados.com\/en\/wp-json\/wp\/v2\/users\/1"}],"replies":[{"embeddable":true,"href":"https:\/\/solconsultoresyabogados.com\/en\/wp-json\/wp\/v2\/comments?post=507"}],"version-history":[{"count":3,"href":"https:\/\/solconsultoresyabogados.com\/en\/wp-json\/wp\/v2\/pages\/507\/revisions"}],"predecessor-version":[{"id":572,"href":"https:\/\/solconsultoresyabogados.com\/en\/wp-json\/wp\/v2\/pages\/507\/revisions\/572"}],"wp:attachment":[{"href":"https:\/\/solconsultoresyabogados.com\/en\/wp-json\/wp\/v2\/media?parent=507"}],"curies":[{"name":"wp","href":"https:\/\/api.w.org\/{rel}","templated":true}]}}