{"id":500,"date":"2020-09-24T04:47:15","date_gmt":"2020-09-24T04:47:15","guid":{"rendered":"https:\/\/solconsultoresyabogados.com\/?page_id=500"},"modified":"2020-09-28T00:39:51","modified_gmt":"2020-09-28T00:39:51","slug":"impuestos","status":"publish","type":"page","link":"https:\/\/solconsultoresyabogados.com\/en\/impuestos\/","title":{"rendered":"TAXES"},"content":{"rendered":"\n<p>Los servicios de impuestos que ofrecemos a nuestros clientes tienen la finalidad de: <br>i) proporcionar seguridad en el correcto cumplimiento de las obligaciones fiscales, <br>ii) maximizar la eficiencia en la determinaci\u00f3n de los impuestos y <br>iii) detectar y subsanar las posibles contingencias impositivas que pudiera existir derivadas de las operaciones habituales de nuestros clientes.<\/p>\n\n\n\n<p>Algunos de los servicios que ofrecemos son los siguiente:<\/p>\n\n\n\n<ul class=\"wp-block-list\"><li>Consultor\u00eda integral de impuestos para sociedades y personas f\u00edsicas<\/li><li>An\u00e1lisis de los planes de negocios desde una perspectiva fiscal<\/li><li>Evaluaci\u00f3n de la situaci\u00f3n fiscal de las empresas e implementaci\u00f3n de planes de acci\u00f3n<\/li><li>Asesor\u00eda para todo tipo de transacciones nacionales e internacionales.<\/li><li>Cumplimiento de obligaciones fiscales<\/li><\/ul>\n\n\n\n<p>Adaptamos nuestros servicios a las necesidades espec\u00edficas del cliente, con lo cual, nuestra participaci\u00f3n podr\u00e1 consistir desde una asesor\u00eda, una revisi\u00f3n y hasta la elaboraci\u00f3n total de los proyectos.<\/p>\n","protected":false},"excerpt":{"rendered":"<p>The tax services we offer our clients are intended to: (i) provide assurance on the correct tax obligation compliance, (ii) maximize efficiency in calculating taxes and (iii) detect and correct any possible tax contingencies that may arise from our customers\u2019 usual operations. Some of the services we offer are as follows: Comprehensive tax consulting for [&hellip;]<\/p>\n","protected":false},"author":1,"featured_media":0,"parent":0,"menu_order":0,"comment_status":"closed","ping_status":"closed","template":"","meta":{"footnotes":""},"class_list":["post-500","page","type-page","status-publish","hentry"],"_links":{"self":[{"href":"https:\/\/solconsultoresyabogados.com\/en\/wp-json\/wp\/v2\/pages\/500","targetHints":{"allow":["GET"]}}],"collection":[{"href":"https:\/\/solconsultoresyabogados.com\/en\/wp-json\/wp\/v2\/pages"}],"about":[{"href":"https:\/\/solconsultoresyabogados.com\/en\/wp-json\/wp\/v2\/types\/page"}],"author":[{"embeddable":true,"href":"https:\/\/solconsultoresyabogados.com\/en\/wp-json\/wp\/v2\/users\/1"}],"replies":[{"embeddable":true,"href":"https:\/\/solconsultoresyabogados.com\/en\/wp-json\/wp\/v2\/comments?post=500"}],"version-history":[{"count":3,"href":"https:\/\/solconsultoresyabogados.com\/en\/wp-json\/wp\/v2\/pages\/500\/revisions"}],"predecessor-version":[{"id":565,"href":"https:\/\/solconsultoresyabogados.com\/en\/wp-json\/wp\/v2\/pages\/500\/revisions\/565"}],"wp:attachment":[{"href":"https:\/\/solconsultoresyabogados.com\/en\/wp-json\/wp\/v2\/media?parent=500"}],"curies":[{"name":"wp","href":"https:\/\/api.w.org\/{rel}","templated":true}]}}